{"id":1385,"date":"2024-08-25T23:33:30","date_gmt":"2024-08-25T23:33:30","guid":{"rendered":"https:\/\/martasclassroom.co.uk\/?post_type=product&#038;p=1385"},"modified":"2025-12-02T14:55:07","modified_gmt":"2025-12-02T14:55:07","slug":"z-phonics-na-ty-pakiet-3-w-1","status":"publish","type":"product","link":"https:\/\/martasclassroom.co.uk\/en\/product\/z-phonics-na-ty-pakiet-3-w-1\/","title":{"rendered":"FROM PHONICS TO FIRST NAME | 3 in 1 Package"},"content":{"rendered":"<div>\n<p style=\"font-weight: 400;\"><strong>Uwaga!<\/strong> Ten produkt ma form\u0119 <strong>cyfrow\u0105 (PDF + wideo)<\/strong> i jest przeznaczony do <strong>samodzielnego pobrania i druku<\/strong>. Nie wysy\u0142am materia\u0142\u00f3w poczt\u0105 \u2014 dzi\u0119ki temu masz do nich <strong>dost\u0119p od razu po zakupie.<\/strong><\/p>\n<h5 style=\"font-weight: 400;\"><strong><em>FROM PHONICS TO FIRST NAME<\/em><\/strong><strong>\u00a0\u2013 karty do nauki brytyjskich d\u017awi\u0119k\u00f3w stworzone specjalnie dla Polak\u00f3w<\/strong><\/h5>\n<p style=\"font-weight: 400;\"><strong><em>FROM PHONICS TO FIRST NAME<\/em><\/strong>\u00a0to autorskie, innowacyjne karty, kt\u00f3re pomagaj\u0105 Polakom \u2013 dzieciom, doros\u0142ym oraz nauczycielom \u2013 opanowa\u0107 brytyjskie d\u017awi\u0119ki dok\u0142adnie tak, jak ucz\u0105 tego szko\u0142y w Anglii.<\/p>\n<p style=\"font-weight: 400;\"><strong>To jedyny taki zestaw na rynku<\/strong>, zaprojektowany z my\u015bl\u0105 o realnych trudno\u015bciach j\u0119zykowych Polak\u00f3w.<\/p>\n<h6><\/h6>\n<h6 style=\"font-weight: 400;\"><strong>Dzi\u0119ki wyj\u0105tkowej formie kart:<\/strong><\/h6>\n<ul>\n<li style=\"font-weight: 400;\">nauczysz si\u0119 brytyjskich d\u017awi\u0119k\u00f3w przy u\u017cyciu <strong>spolszczonych zapis\u00f3w<\/strong>,<\/li>\n<li style=\"font-weight: 400;\">otrzymasz <strong>praktyczne wskaz\u00f3wki wymowy<\/strong>,<\/li>\n<li style=\"font-weight: 400;\">zrozumiesz logiczny system <strong>d\u017awi\u0119k\u2013grafem<\/strong>,<\/li>\n<li style=\"font-weight: 400;\">zaczniesz czyta\u0107 i wypowiada\u0107 s\u0142owa poprawnie \u2014 i z pewno\u015bci\u0105 siebie.<\/li>\n<\/ul>\n<\/div>\n<p>&nbsp;<\/p>\n<div>\n<h6 style=\"font-weight: 400;\"><strong>Co znajdziesz w pakiecie 3 w 1?<\/strong><\/h6>\n<ul>\n<li><b>Karty dla pocz\u0105tkuj\u0105cych<\/b><span class=\"s1\"> (z obrazkami pomocniczymi) z <\/span><b>all three sets<\/b><\/li>\n<li><b>Karty bez obrazk\u00f3w<\/b><span class=\"s1\"> do utrwalania d\u017awi\u0119k\u00f3w \u2014 r\u00f3wnie\u017c z <\/span><b>all three sets<\/b><\/li>\n<li><span class=\"s2\"><b>Trzy maty d\u017awi\u0119k\u00f3w<\/b><\/span> obejmuj\u0105ce komplet grafem\u00f3w z ka\u017cdego zestawu<\/li>\n<li><span class=\"s2\"><b>Listy s\u0142\u00f3w<\/b><\/span> wykorzystanych na obrazkach pomocniczych dla wszystkich trzech faz<\/li>\n<li><span class=\"s2\"><b>Trzy nagrania wideo<\/b><\/span> z poprawn\u0105 brytyjsk\u0105 wymow\u0105 wszystkich d\u017awi\u0119k\u00f3w<\/li>\n<\/ul>\n<\/div>\n<p>&nbsp;<\/p>\n<div>\n<h6 class=\"p1\"><b>W jakiej kolejno\u015bci zacz\u0105\u0107 nauk\u0119 phonics z zestawami?\u00a0<\/b><\/h6>\n<\/div>\n<ul>\n<li><b>Zestaw nr 1 (d\u017awi\u0119ki fazy 2) <\/b>\u2013 podstawowe d\u017awi\u0119ki liter alfabetu w okre\u015blonej kolejno\u015bci programowej. To materia\u0142 zgodny z podstaw\u0105 programow\u0105 klasy <span class=\"s2\"><b>Reception<\/b><\/span>, a w wielu plac\u00f3wkach wprowadzany ju\u017c w <span class=\"s2\"><b>Nursery<\/b><\/span> (dla dzieci <span class=\"s2\"><b>od 3+<\/b><\/span>).<\/li>\n<\/ul>\n<ul>\n<li><b>Zestaw nr 2 (d\u017awi\u0119ki fazy 3)<\/b> \u2013 \u00a0rozszerzenie wcze\u015bniejszych d\u017awi\u0119k\u00f3w o kolejne grafemy brytyjskiego systemu phonics. Zestaw zgodny z podstaw\u0105 programow\u0105 klasy <span class=\"s2\"><b>Reception<\/b><\/span> (dla dzieci <span class=\"s2\"><b>od 4+<\/b><\/span>).<\/li>\n<\/ul>\n<ul>\n<li><b>Zestaw nr 3 (d\u017awi\u0119ki fazy 5) <\/b>\u2013 kolejny etap nauki phonics realizowany w klasie <span class=\"s2\"><b>Year 1<\/b><\/span> w Anglii (dla dzieci <span class=\"s2\"><b>od 5\u20136+<\/b><\/span>).Wprowadza nowe d\u017awi\u0119ki oraz alternatywne zapisy znanych ju\u017c fonem\u00f3w.<\/li>\n<\/ul>\n<p>&nbsp;<\/p>\n<div>\n<h6 style=\"font-weight: 400;\"><strong>Benefits for parents:<\/strong><\/h6>\n<ul>\n<li style=\"font-weight: 400;\">rozpoczniesz\u00a0<strong>nauk\u0119 phonics<\/strong>\u00a0z dzieckiem\u00a0<strong>jeszcze przed szko\u0142\u0105<\/strong><\/li>\n<li style=\"font-weight: 400;\">pomo\u017cesz dziecku\u00a0<strong>czyta\u0107 pierwsze s\u0142owa ju\u017c od 3<\/strong> roku \u017cycia<\/li>\n<li style=\"font-weight: 400;\">b\u0119dziesz\u00a0<strong>monitorowa\u0107 post\u0119py, <\/strong>szybko\u00a0<strong>wychwycisz braki<\/strong> i uzupe\u0142nisz trudniejsze d\u017awi\u0119ki w domu<\/li>\n<li style=\"font-weight: 400;\">przygotujesz dziecko do\u00a0<strong>Phonics Screening Check<\/strong><\/li>\n<li style=\"font-weight: 400;\">wesprzesz\u00a0<strong>rozw\u00f3j czytania i pisania zgodnie z metodami szk\u00f3\u0142 w UK<\/strong><\/li>\n<\/ul>\n<\/div>\n<p>&nbsp;<\/p>\n<div>\n<h6 style=\"font-weight: 400;\"><strong>Benefits for adults:<\/strong><\/h6>\n<ul>\n<li><span lang=\"PL\">Zacz\u0105\u0107 <strong>czyta\u0107 i pisa\u0107 bez potrzeby uczenia si\u0119 angielskich s\u0142\u00f3w na pami\u0119\u0107<\/strong><\/span><\/li>\n<li>Nauczy\u0107 si\u0119 <strong>czyta\u0107 po angielsku od podstaw<\/strong><\/li>\n<li><strong>Udoskonali\u0107 brytyjsk\u0105 wymow\u0119<\/strong> s\u0142\u00f3w<\/li>\n<\/ul>\n<\/div>\n<p>&nbsp;<\/p>\n<div>\n<h6 style=\"font-weight: 400;\"><strong>Korzy\u015bci dla nauczycieli i asystent\u00f3w nauczania:<\/strong><\/h6>\n<ul>\n<li style=\"font-weight: 400;\">opanujesz brytyjskie d\u017awi\u0119ki\u00a0<strong>wymagane w szko\u0142ach w UK<\/strong><\/li>\n<li style=\"font-weight: 400;\">wykorzystasz karty jako\u00a0<strong>narz\u0119dzie podczas zaj\u0119\u0107 z uczniami<\/strong><\/li>\n<\/ul>\n<\/div>\n<h6><\/h6>\n<p>&nbsp;<\/p>\n<h6><strong>WA\u017bNE \u2013 spos\u00f3b dostawy materia\u0142\u00f3w<\/strong><\/h6>\n<div>\n<ol>\n<li style=\"font-weight: 400;\">Materia\u0142y s\u0105 sprzedawane\u00a0<strong>wy\u0142\u0105cznie w formie elektronicznej<\/strong>.<\/li>\n<li style=\"font-weight: 400;\">Po zakupie otrzymasz <strong>linki do pobrania pakietu<\/strong>\u00a0(sprawd\u017a tak\u017ce folder\u00a0<em>Spam<\/em>).<\/li>\n<li style=\"font-weight: 400;\"><strong>Po klikni\u0119ciu w link, materia\u0142y automatycznie pobior\u0105 si\u0119 na Twoje urz\u0105dzenie.<\/strong><\/li>\n<li style=\"font-weight: 400;\">Liczba pobra\u0144 jest ograniczona \u2014\u00a0<strong>zapisz pliki od razu<\/strong>, aby mie\u0107 do nich sta\u0142y dost\u0119p.<\/li>\n<li style=\"font-weight: 400;\">Produkty cyfrowe <strong>nie podlegaj\u0105 zwrotom<\/strong>\u00a0(zgodnie z <a href=\"https:\/\/martasclassroom.co.uk\/en\/regulamin\/\">regulaminem sklepu<\/a>).<\/li>\n<\/ol>\n<\/div>","protected":false},"excerpt":{"rendered":"<div>\n<p class=\"p1\"><strong>Jedyne takie materia\u0142y stworzone specjalnie dla Polak\u00f3w! Pakiet <span class=\"s1\">3 w 1 <em>FROM PHONICS TO FIRST NAME<\/em><\/span> to prosty, skuteczny i w pe\u0142ni przemy\u015blany spos\u00f3b na opanowanie najwa\u017cniejszych brytyjskich d\u017awi\u0119k\u00f3w \u2013 idealny dla dzieci, doros\u0142ych oraz nauczycieli.<\/strong><\/p>\n<\/div>\n<div>\n<p class=\"p1\"><i><span lang=\"PL\">(Materia\u0142 cyfrowy do pobrania i druku \u2014 pe\u0142en opis poni\u017cej.)<\/span><\/i><\/p>\n<\/div>","protected":false},"featured_media":1538,"comment_status":"open","ping_status":"closed","template":"","meta":[],"product_brand":[],"product_cat":[29],"product_tag":[],"class_list":{"0":"post-1385","1":"product","2":"type-product","3":"status-publish","4":"has-post-thumbnail","6":"product_cat-phonics","8":"first","9":"instock","10":"downloadable","11":"virtual","12":"sold-individually","13":"purchasable","14":"product-type-simple"},"_links":{"self":[{"href":"https:\/\/martasclassroom.co.uk\/en\/wp-json\/wp\/v2\/product\/1385","targetHints":{"allow":["GET"]}}],"collection":[{"href":"https:\/\/martasclassroom.co.uk\/en\/wp-json\/wp\/v2\/product"}],"about":[{"href":"https:\/\/martasclassroom.co.uk\/en\/wp-json\/wp\/v2\/types\/product"}],"replies":[{"embeddable":true,"href":"https:\/\/martasclassroom.co.uk\/en\/wp-json\/wp\/v2\/comments?post=1385"}],"wp:featuredmedia":[{"embeddable":true,"href":"https:\/\/martasclassroom.co.uk\/en\/wp-json\/wp\/v2\/media\/1538"}],"wp:attachment":[{"href":"https:\/\/martasclassroom.co.uk\/en\/wp-json\/wp\/v2\/media?parent=1385"}],"wp:term":[{"taxonomy":"product_brand","embeddable":true,"href":"https:\/\/martasclassroom.co.uk\/en\/wp-json\/wp\/v2\/product_brand?post=1385"},{"taxonomy":"product_cat","embeddable":true,"href":"https:\/\/martasclassroom.co.uk\/en\/wp-json\/wp\/v2\/product_cat?post=1385"},{"taxonomy":"product_tag","embeddable":true,"href":"https:\/\/martasclassroom.co.uk\/en\/wp-json\/wp\/v2\/product_tag?post=1385"}],"curies":[{"name":"wp","href":"https:\/\/api.w.org\/{rel}","templated":true}]}}