{"id":1282,"date":"2024-08-17T16:13:20","date_gmt":"2024-08-17T16:13:20","guid":{"rendered":"https:\/\/martasclassroom.co.uk\/?post_type=product&#038;p=1282"},"modified":"2025-12-02T14:55:39","modified_gmt":"2025-12-02T14:55:39","slug":"z-phonics-na-ty-set-phases-2-cards-for-science-british-sounds","status":"publish","type":"product","link":"https:\/\/martasclassroom.co.uk\/en\/product\/z-phonics-na-ty-set-phases-2-cards-for-science-british-sounds\/","title":{"rendered":"FROM PHONICS TO FIRST NAME | Set No. 1"},"content":{"rendered":"<p style=\"font-weight: 400;\"><strong>Uwaga!<\/strong> Ten produkt ma form\u0119 <strong>cyfrow\u0105 (PDF + wideo)<\/strong> i jest przeznaczony do <strong>samodzielnego pobrania i druku<\/strong>. Nie wysy\u0142am materia\u0142\u00f3w poczt\u0105 \u2014 dzi\u0119ki temu masz do nich <strong>dost\u0119p od razu po zakupie.<\/strong><\/p>\n<h5 style=\"font-weight: 400;\"><strong>\u00a0<\/strong><strong><em>FROM PHONICS TO FIRST NAME<\/em><\/strong><strong>\u00a0\u2013 karty do nauki brytyjskich d\u017awi\u0119k\u00f3w stworzone specjalnie dla Polak\u00f3w<\/strong><\/h5>\n<p style=\"font-weight: 400;\"><strong><em>FROM PHONICS TO FIRST NAME<\/em><\/strong>\u00a0to autorskie, innowacyjne karty, kt\u00f3re pomagaj\u0105 Polakom \u2013 dzieciom, doros\u0142ym oraz nauczycielom \u2013 opanowa\u0107 brytyjskie d\u017awi\u0119ki dok\u0142adnie tak, jak ucz\u0105 tego szko\u0142y w Anglii.<\/p>\n<p style=\"font-weight: 400;\"><strong>To jedyny taki zestaw na rynku<\/strong>, zaprojektowany z my\u015bl\u0105 o realnych trudno\u015bciach j\u0119zykowych Polak\u00f3w.<\/p>\n<h6 style=\"font-weight: 400;\"><strong>Dzi\u0119ki wyj\u0105tkowej formie kart:<\/strong><\/h6>\n<ul>\n<li style=\"font-weight: 400;\">nauczysz si\u0119 brytyjskich d\u017awi\u0119k\u00f3w przy u\u017cyciu <strong>spolszczonych zapis\u00f3w<\/strong>,<\/li>\n<li style=\"font-weight: 400;\">otrzymasz <strong>praktyczne wskaz\u00f3wki wymowy<\/strong>,<\/li>\n<li style=\"font-weight: 400;\">zrozumiesz logiczny system <strong>d\u017awi\u0119k\u2013grafem<\/strong>,<\/li>\n<li style=\"font-weight: 400;\">zaczniesz czyta\u0107 i wypowiada\u0107 s\u0142owa poprawnie \u2014 i z pewno\u015bci\u0105 siebie.<\/li>\n<\/ul>\n<p style=\"font-weight: 400;\"><strong>\u00a0<\/strong><\/p>\n<h6 style=\"font-weight: 400;\"><strong>Co znajdziesz w pakiecie FAZY DRUGIEJ?<\/strong><\/h6>\n<ul>\n<li style=\"font-weight: 400;\">\u00a0<strong>23 karty dla pocz\u0105tkuj\u0105cych<\/strong> z obrazkami pomocniczymi<\/li>\n<li style=\"font-weight: 400;\">\u00a0<strong>23 karty bez obrazk\u00f3w<\/strong> \u2013 do p\u00f3\u017aniejszego utrwalania<\/li>\n<li style=\"font-weight: 400;\"><strong>Mat\u0119 ze wszystkimi d\u017awi\u0119kami<\/strong> fazy 2 w kolejno\u015bci zgodnej z programem<\/li>\n<li style=\"font-weight: 400;\"><strong>List\u0119 s\u0142\u00f3w<\/strong> z obrazk\u00f3w pomocniczych<\/li>\n<li style=\"font-weight: 400;\"><strong>Nagranie wideo<\/strong>\u00a0z prawid\u0142ow\u0105 brytyjsk\u0105 wymow\u0105 ka\u017cdego d\u017awi\u0119ku<\/li>\n<\/ul>\n<p>&nbsp;<\/p>\n<p style=\"font-weight: 400;\"><strong>Zestaw<\/strong>\u00a0<strong>oparty na brytyjskiej podstawie programowej<\/strong>\u00a0(Phase 2). Idealny dla dzieci od\u00a0<strong>3+<\/strong>, ale r\u00f3wnie <strong>skuteczny dla starszych uczni\u00f3w oraz doros\u0142ych.<\/strong><\/p>\n<h6 style=\"font-weight: 400;\"><strong>Benefits for parents:<\/strong><\/h6>\n<ul>\n<li style=\"font-weight: 400;\">rozpoczniesz\u00a0<strong>nauk\u0119 phonics<\/strong>\u00a0z dzieckiem\u00a0<strong>jeszcze przed szko\u0142\u0105<\/strong><\/li>\n<li style=\"font-weight: 400;\">pomo\u017cesz dziecku\u00a0<strong>czyta\u0107 pierwsze s\u0142owa CVC ju\u017c od 3<\/strong> roku \u017cycia<\/li>\n<li style=\"font-weight: 400;\">b\u0119dziesz\u00a0<strong>monitorowa\u0107 post\u0119py<\/strong>\u00a0i szybko\u00a0<strong>wychwycisz braki<\/strong><\/li>\n<li style=\"font-weight: 400;\">przygotujesz dziecko do\u00a0<strong>Phonics Screening Check<\/strong><\/li>\n<li style=\"font-weight: 400;\">wesprzesz\u00a0<strong>rozw\u00f3j czytania i pisania zgodnie z metodami szk\u00f3\u0142 w UK<\/strong><\/li>\n<\/ul>\n<h6><\/h6>\n<h6 style=\"font-weight: 400;\"><strong>Benefits for adults:<\/strong><\/h6>\n<ul>\n<li style=\"font-weight: 400;\">nauczysz si\u0119 czyta\u0107 i pisa\u0107 po angielsku\u00a0<strong>bez wkuwania s\u0142\u00f3wek<\/strong><\/li>\n<li style=\"font-weight: 400;\">\u00a0<strong>zrozumiesz system phonics<\/strong> od podstaw<\/li>\n<li style=\"font-weight: 400;\"><strong>poprawisz wymow\u0119<\/strong>\u00a0dzi\u0119ki jasnym wskaz\u00f3wkom i nagraniom<\/li>\n<\/ul>\n<h6><\/h6>\n<h6 style=\"font-weight: 400;\"><strong>Korzy\u015bci dla nauczycieli i asystent\u00f3w nauczania:<\/strong><\/h6>\n<ul>\n<li style=\"font-weight: 400;\">opanujesz brytyjskie d\u017awi\u0119ki\u00a0<strong>wymagane w szko\u0142ach w UK<\/strong><\/li>\n<li style=\"font-weight: 400;\">wykorzystasz karty jako\u00a0<strong>narz\u0119dzie podczas zaj\u0119\u0107 z uczniami<\/strong><\/li>\n<\/ul>\n<h6><\/h6>\n<h6 style=\"font-weight: 400;\"><strong>WA\u017bNE \u2013 spos\u00f3b dostawy materia\u0142\u00f3w<\/strong><\/h6>\n<ol>\n<li style=\"font-weight: 400;\">Materia\u0142y s\u0105 sprzedawane\u00a0<strong>wy\u0142\u0105cznie w formie elektronicznej<\/strong>.<\/li>\n<li style=\"font-weight: 400;\">Po zakupie otrzymasz <strong>linki do pobrania pakietu<\/strong>\u00a0(sprawd\u017a tak\u017ce folder\u00a0<em>Spam<\/em>).<\/li>\n<li style=\"font-weight: 400;\"><strong>Po klikni\u0119ciu w link, materia\u0142y automatycznie pobior\u0105 si\u0119 na Twoje urz\u0105dzenie.<\/strong><\/li>\n<li style=\"font-weight: 400;\">Liczba pobra\u0144 jest ograniczona \u2014\u00a0<strong>zapisz pliki od razu<\/strong>, aby mie\u0107 do nich sta\u0142y dost\u0119p.<\/li>\n<li style=\"font-weight: 400;\">Produkty cyfrowe <strong>nie podlegaj\u0105 zwrotom<\/strong>\u00a0(zgodnie z <a href=\"https:\/\/martasclassroom.co.uk\/en\/regulamin\/\">regulaminem sklepu<\/a>).<\/li>\n<\/ol>","protected":false},"excerpt":{"rendered":"<p class=\"p1\"><b>Jedyny taki zestaw dla Polak\u00f3w! <em>FROM PHONICS TO FIRST NAME<\/em> to prosty i skuteczny spos\u00f3b na opanowanie Fazy 2 brytyjskich d\u017awi\u0119k\u00f3w \u2013 dla dzieci, doros\u0142ych i nauczycieli.<\/b><b><\/b><\/p>\n<p class=\"p1\"><i>(Materia\u0142 cyfrowy do pobrania i druku \u2014 pe\u0142en opis poni\u017cej.)<\/i><\/p>\n<p>&nbsp;<\/p>","protected":false},"featured_media":1534,"comment_status":"open","ping_status":"closed","template":"","meta":[],"product_brand":[],"product_cat":[29],"product_tag":[],"class_list":{"0":"post-1282","1":"product","2":"type-product","3":"status-publish","4":"has-post-thumbnail","6":"product_cat-phonics","8":"first","9":"instock","10":"downloadable","11":"virtual","12":"sold-individually","13":"purchasable","14":"product-type-simple"},"_links":{"self":[{"href":"https:\/\/martasclassroom.co.uk\/en\/wp-json\/wp\/v2\/product\/1282","targetHints":{"allow":["GET"]}}],"collection":[{"href":"https:\/\/martasclassroom.co.uk\/en\/wp-json\/wp\/v2\/product"}],"about":[{"href":"https:\/\/martasclassroom.co.uk\/en\/wp-json\/wp\/v2\/types\/product"}],"replies":[{"embeddable":true,"href":"https:\/\/martasclassroom.co.uk\/en\/wp-json\/wp\/v2\/comments?post=1282"}],"wp:featuredmedia":[{"embeddable":true,"href":"https:\/\/martasclassroom.co.uk\/en\/wp-json\/wp\/v2\/media\/1534"}],"wp:attachment":[{"href":"https:\/\/martasclassroom.co.uk\/en\/wp-json\/wp\/v2\/media?parent=1282"}],"wp:term":[{"taxonomy":"product_brand","embeddable":true,"href":"https:\/\/martasclassroom.co.uk\/en\/wp-json\/wp\/v2\/product_brand?post=1282"},{"taxonomy":"product_cat","embeddable":true,"href":"https:\/\/martasclassroom.co.uk\/en\/wp-json\/wp\/v2\/product_cat?post=1282"},{"taxonomy":"product_tag","embeddable":true,"href":"https:\/\/martasclassroom.co.uk\/en\/wp-json\/wp\/v2\/product_tag?post=1282"}],"curies":[{"name":"wp","href":"https:\/\/api.w.org\/{rel}","templated":true}]}}