{"id":980,"date":"2023-08-22T06:47:57","date_gmt":"2023-08-22T06:47:57","guid":{"rendered":"https:\/\/martasclassroom.co.uk\/?page_id=980"},"modified":"2023-08-24T06:04:50","modified_gmt":"2023-08-24T06:04:50","slug":"polityka-cookies","status":"publish","type":"page","link":"https:\/\/martasclassroom.co.uk\/en\/polityka-cookies\/","title":{"rendered":"COOKIES POLICY"},"content":{"rendered":"<div data-elementor-type=\"wp-page\" data-elementor-id=\"980\" class=\"elementor elementor-980\" data-elementor-post-type=\"page\">\n\t\t\t\t\t\t<section class=\"elementor-section elementor-top-section elementor-element elementor-element-7999b8f7 elementor-section-boxed elementor-section-height-default elementor-section-height-default\" data-id=\"7999b8f7\" data-element_type=\"section\" data-e-type=\"section\" data-settings=\"{&quot;background_background&quot;:&quot;classic&quot;}\">\n\t\t\t\t\t\t<div class=\"elementor-container elementor-column-gap-wider\">\n\t\t\t\t\t<div class=\"elementor-column elementor-col-100 elementor-top-column elementor-element elementor-element-eb8ebb4\" data-id=\"eb8ebb4\" data-element_type=\"column\" data-e-type=\"column\">\n\t\t\t<div class=\"elementor-widget-wrap elementor-element-populated\">\n\t\t\t\t\t\t<div class=\"elementor-element elementor-element-7eaa5b1a elementor-headline--style-highlight elementor-widget elementor-widget-animated-headline\" data-id=\"7eaa5b1a\" data-element_type=\"widget\" data-e-type=\"widget\" data-settings=\"{&quot;highlighted_text&quot;:&quot;.&quot;,&quot;headline_style&quot;:&quot;highlight&quot;,&quot;marker&quot;:&quot;circle&quot;,&quot;loop&quot;:&quot;yes&quot;,&quot;highlight_animation_duration&quot;:1200,&quot;highlight_iteration_delay&quot;:8000}\" data-widget_type=\"animated-headline.default\">\n\t\t\t\t<div class=\"elementor-widget-container\">\n\t\t\t\t\t\t\t<h3 class=\"elementor-headline\">\n\t\t\t\t\t<span class=\"elementor-headline-plain-text elementor-headline-text-wrapper\">COOKIES POLICY<\/span>\n\t\t\t\t<span class=\"elementor-headline-dynamic-wrapper elementor-headline-text-wrapper\">\n\t\t\t\t\t<span class=\"elementor-headline-dynamic-text elementor-headline-text-active\">.<\/span>\n\t\t\t\t<\/span>\n\t\t\t\t<\/h3>\n\t\t\t\t\t\t<\/div>\n\t\t\t\t<\/div>\n\t\t\t\t<div class=\"elementor-element elementor-element-68802ee8 elementor-widget elementor-widget-heading\" data-id=\"68802ee8\" data-element_type=\"widget\" data-e-type=\"widget\" data-widget_type=\"heading.default\">\n\t\t\t\t<div class=\"elementor-widget-container\">\n\t\t\t\t\t<h4 class=\"elementor-heading-title elementor-size-default\"><a href=\"https:\/\/martasclassroom.co.uk\/en\/\">www.martasclassroom.co.uk <\/a><\/h4>\t\t\t\t<\/div>\n\t\t\t\t<\/div>\n\t\t\t\t<div class=\"elementor-element elementor-element-58598ab9 elementor-widget elementor-widget-text-editor\" data-id=\"58598ab9\" data-element_type=\"widget\" data-e-type=\"widget\" data-widget_type=\"text-editor.default\">\n\t\t\t\t<div class=\"elementor-widget-container\">\n\t\t\t\t\t\t\t\t\t<p>1. We use cookies on our website.<br \/><br \/>2. The administrator of personal data is \u2013 Marta Zajac-Asllanaj, Marta&#039;s Classroom, Flat 30, 42 Mollison Drive, SM6 9BY, info@martasclassroom.co.uk.<br \/><br \/>3. When browsing the websites of the Website, &quot;cookies&quot; are used, i.e. small text files saved on the Customer&#039;s end device in connection with the use of the Website. They are used to improve the quality of using the websites of the Website.<br \/><br \/>4. &quot;Cookies&quot; used by the Administrator are safe for the Customer&#039;s devices. In particular, it is not possible for viruses or other unwanted or malicious software to get to the Customer&#039;s devices in this way. These files allow to identify the software used by the Customer and adjust the Online Service to each Customer individually. &quot;Cookies&quot; sometimes contain information about the domain name of their origin, how long they are stored on the device and the assigned value.<br \/><br \/>5. The administrator uses:<br \/>a) Session cookies: they are stored on the website client&#039;s device and remain there until the browser session is closed. Then, the stored information is permanently deleted from the memory of the Service Customer&#039;s device. The mechanism of session cookies does not allow downloading any personal data or confidential information from the device of the customer of our website.<br \/>b) Persistent cookies: they are stored on the Customer&#039;s device of the online service and remain there until they are deleted. They are not automatically deleted when the browser session is closed or the device is turned off. The mechanism of permanent cookies does not allow downloading any personal data or confidential information from the device of the customer of our website.<br \/><br \/><\/p><p>6. Due to the purpose of collecting cookies, we distinguish the following cookies:<br \/>a) Strictly Necessary Cookies: Strictly Necessary Cookies are required to enable basic functionality of this website, such as providing secure login or adjusting your consent preferences. These cookies do not store any personal data (Article 6(1)(f) GDPR).<br \/>b) Functional cookies: Functional cookies help to perform certain functions, such as sharing website content on social media platforms, collecting feedback and other third party functions (Article 6(1)(a) GDPR).<br \/>c) Analytical cookies: Analytical cookies are used to understand how visitors interact with the website. These cookies help provide information on metrics such as number of visitors, bounce rate, traffic source, etc. (Article 6(1)(a) GDPR).<br \/>d) Performance cookies: Performance cookies are used to understand and analyze the key performance indicators of the website, which helps to provide visitors with a better user experience (Article 6(1)(a) GDPR).<br \/>e) Marketing cookies: Advertising cookies are used to provide visitors with personalized advertisements based on previously visited pages and to analyze the effectiveness of advertising campaigns. (Article 6(1)(a) of the GDPR).<br \/><br \/>7. &quot;Cookies&quot; may be used by advertising networks, in particular by the Google network, in order to display advertisements tailored to the way the Customer uses the Website. For this purpose, information about the Customer&#039;s navigation path or time spent on a given website may be stored.<br \/><br \/>8. In terms of information about the Customer&#039;s preferences collected by the Google advertising network, the Customer may view and edit information related to cookies using the following tool: https:\/\/www.google.com\/ads\/preferences\/.<br \/><br \/>9. The customer may independently and at any time change the settings for &quot;cookies&quot;, specifying the conditions for their storage and access to the customer&#039;s device. The settings referred to in the previous sentence may be changed by the Customer through the settings of the web browser or through the configuration of the service. These settings can be changed in particular in such a way as to block the automatic handling of &quot;cookies&quot; in the web browser settings or to inform about each time they are entered on the Customer&#039;s device. Detailed information on the possibilities and ways of handling cookies are available in the software (web browser) settings.<br \/><br \/>10. To learn how to manage cookies, including how to disable them in your browser, you can use the help section of your browser. You can learn more about this by pressing F1 in your browser. In addition, you will find relevant tips on the following pages, depending on the browser you are using:<br \/>Firefox browser<br \/>Chrome<br \/>Safari<br \/>Internet Explorer \/ Microsoft Edge<br \/><br \/>11. The customer may delete &quot;cookies&quot; at any time using the functions available in the web browser he uses.<br \/><br \/>12. Restricting the use of &quot;cookies&quot; may affect some of the functionalities available on the website of the Website.<br \/><br \/>13. We use the following services: Google Ads, Google Analytics 4, Google Form, Facebook, Calendly, Mailerlite.<br \/>21.08.2023<\/p>\t\t\t\t\t\t\t\t<\/div>\n\t\t\t\t<\/div>\n\t\t\t\t\t<\/div>\n\t\t<\/div>\n\t\t\t\t\t<\/div>\n\t\t<\/section>\n\t\t\t\t<\/div>","protected":false},"excerpt":{"rendered":"<p>POLITYKA COOKIES . www.martasclassroom.co.uk 1. Na naszej stronie internetowej u\u017cywamy plik\u00f3w cookie. 2. Administratorem danych osobowych jest &#8211; Marta Zajac-Asllanaj, Marta\u2019s Classroom, Flat 30, 42 Mollison Drive, SM6 9BY, info@martasclassroom.co.uk. 3. Podczas przegl\u0105dania stron internetowych Serwisu internetowego wykorzystywane s\u0105 pliki &#8222;cookies&#8221;, czyli niewielkie pliki tekstowe zapisywane w urz\u0105dzeniu docelowym Klienta w zwi\u0105zku z korzystaniem z [&hellip;]<\/p>\n","protected":false},"author":1,"featured_media":0,"parent":0,"menu_order":0,"comment_status":"closed","ping_status":"closed","template":"","meta":{"footnotes":""},"class_list":["post-980","page","type-page","status-publish","hentry"],"_links":{"self":[{"href":"https:\/\/martasclassroom.co.uk\/en\/wp-json\/wp\/v2\/pages\/980","targetHints":{"allow":["GET"]}}],"collection":[{"href":"https:\/\/martasclassroom.co.uk\/en\/wp-json\/wp\/v2\/pages"}],"about":[{"href":"https:\/\/martasclassroom.co.uk\/en\/wp-json\/wp\/v2\/types\/page"}],"author":[{"embeddable":true,"href":"https:\/\/martasclassroom.co.uk\/en\/wp-json\/wp\/v2\/users\/1"}],"replies":[{"embeddable":true,"href":"https:\/\/martasclassroom.co.uk\/en\/wp-json\/wp\/v2\/comments?post=980"}],"version-history":[{"count":7,"href":"https:\/\/martasclassroom.co.uk\/en\/wp-json\/wp\/v2\/pages\/980\/revisions"}],"predecessor-version":[{"id":1195,"href":"https:\/\/martasclassroom.co.uk\/en\/wp-json\/wp\/v2\/pages\/980\/revisions\/1195"}],"wp:attachment":[{"href":"https:\/\/martasclassroom.co.uk\/en\/wp-json\/wp\/v2\/media?parent=980"}],"curies":[{"name":"wp","href":"https:\/\/api.w.org\/{rel}","templated":true}]}}