{"id":974,"date":"2023-08-22T06:42:15","date_gmt":"2023-08-22T06:42:15","guid":{"rendered":"https:\/\/martasclassroom.co.uk\/?page_id=974"},"modified":"2023-08-22T06:47:23","modified_gmt":"2023-08-22T06:47:23","slug":"nota-prawna","status":"publish","type":"page","link":"https:\/\/martasclassroom.co.uk\/en\/nota-prawna\/","title":{"rendered":"Disclaimer"},"content":{"rendered":"<div data-elementor-type=\"wp-page\" data-elementor-id=\"974\" class=\"elementor elementor-974\" data-elementor-post-type=\"page\">\n\t\t\t\t\t\t<section class=\"elementor-section elementor-top-section elementor-element elementor-element-2a564a78 elementor-section-boxed elementor-section-height-default elementor-section-height-default\" data-id=\"2a564a78\" data-element_type=\"section\" data-e-type=\"section\" data-settings=\"{&quot;background_background&quot;:&quot;classic&quot;}\">\n\t\t\t\t\t\t<div class=\"elementor-container elementor-column-gap-wider\">\n\t\t\t\t\t<div class=\"elementor-column elementor-col-100 elementor-top-column elementor-element elementor-element-6cfa5e1c\" data-id=\"6cfa5e1c\" data-element_type=\"column\" data-e-type=\"column\">\n\t\t\t<div class=\"elementor-widget-wrap elementor-element-populated\">\n\t\t\t\t\t\t<div class=\"elementor-element elementor-element-7ddd96f5 elementor-headline--style-highlight elementor-widget elementor-widget-animated-headline\" data-id=\"7ddd96f5\" data-element_type=\"widget\" data-e-type=\"widget\" data-settings=\"{&quot;highlighted_text&quot;:&quot;.&quot;,&quot;headline_style&quot;:&quot;highlight&quot;,&quot;marker&quot;:&quot;circle&quot;,&quot;loop&quot;:&quot;yes&quot;,&quot;highlight_animation_duration&quot;:1200,&quot;highlight_iteration_delay&quot;:8000}\" data-widget_type=\"animated-headline.default\">\n\t\t\t\t<div class=\"elementor-widget-container\">\n\t\t\t\t\t\t\t<h3 class=\"elementor-headline\">\n\t\t\t\t\t<span class=\"elementor-headline-plain-text elementor-headline-text-wrapper\">DISCLAIMER<\/span>\n\t\t\t\t<span class=\"elementor-headline-dynamic-wrapper elementor-headline-text-wrapper\">\n\t\t\t\t\t<span class=\"elementor-headline-dynamic-text elementor-headline-text-active\">.<\/span>\n\t\t\t\t<\/span>\n\t\t\t\t<\/h3>\n\t\t\t\t\t\t<\/div>\n\t\t\t\t<\/div>\n\t\t\t\t<div class=\"elementor-element elementor-element-3eeab408 elementor-widget elementor-widget-heading\" data-id=\"3eeab408\" data-element_type=\"widget\" data-e-type=\"widget\" data-widget_type=\"heading.default\">\n\t\t\t\t<div class=\"elementor-widget-container\">\n\t\t\t\t\t<h4 class=\"elementor-heading-title elementor-size-default\"><a href=\"https:\/\/martasclassroom.co.uk\/en\/\">www.martasclassroom.co.uk <\/a><\/h4>\t\t\t\t<\/div>\n\t\t\t\t<\/div>\n\t\t\t\t<div class=\"elementor-element elementor-element-6a4e2381 elementor-widget elementor-widget-text-editor\" data-id=\"6a4e2381\" data-element_type=\"widget\" data-e-type=\"widget\" data-widget_type=\"text-editor.default\">\n\t\t\t\t<div class=\"elementor-widget-container\">\n\t\t\t\t\t\t\t\t\t<p><strong>Marta Zajac-Asllanaj, Marta&#039;s Classroom, Flat 30, 42 Mollison Drive, SM6 9BY, <\/strong><a href=\"mailto:info@martasclassroom.co.uk\"><strong>info@martasclassroom.co.uk<\/strong><\/a><strong> .<\/strong><\/p>\t\t\t\t\t\t\t\t<\/div>\n\t\t\t\t<\/div>\n\t\t\t\t<div class=\"elementor-element elementor-element-224fe2c6 elementor-widget elementor-widget-text-editor\" data-id=\"224fe2c6\" data-element_type=\"widget\" data-e-type=\"widget\" data-widget_type=\"text-editor.default\">\n\t\t\t\t<div class=\"elementor-widget-container\">\n\t\t\t\t\t\t\t\t\t<p><strong>Access to our website<\/strong><strong>\u00a0<\/strong><\/p><p>Access to our website <a href=\"https:\/\/martasclassroom.co.uk\/en\/\">www.martasclassroom.co.uk<\/a>\u00a0 is permitted on a temporary basis and we reserve the right to withdraw or amend the service we provide on our site without notice. We are not responsible if for any reason our site is unavailable at any time or for any period. From time to time we may restrict access to certain parts of our site or our entire site to users who have registered with us. You are responsible for taking any action necessary to access our site. You are also responsible for ensuring that all persons who access our website through an internet connection are aware of these terms and that they comply with them.<\/p><p><strong>\u00a0<\/strong><\/p><p><strong>\u00a0<\/strong><\/p><p><strong>Personal data protection<\/strong><\/p><ol><li>We are committed to complying with the GDPR and the Data Protection Act 2018 (UK), once enacted.<\/li><li>In connection with the voluntary provision of personal data, Customers have the right to access their personal data and the right to rectify, delete, limit processing, the right to transfer data, the right to object, the right to withdraw consent at any time.<\/li><li>Detailed conditions of the above rights will be indicated in our Privacy Policy. More information on each of these rights, including the circumstances in which they apply, can be found in the UK Information Commissioner&#039;s Office (ICO) guidance on individuals&#039; rights under the General Data Protection Regulation.<\/li><li>We would like to be able to resolve any complaints you have, but you also have the right to lodge a complaint with the UK Data Protection Regulatory Authority (&quot;ICO&quot;) about how we have used your personal information. <a href=\"https:\/\/ico.org.uk\/your-data-matters\/raising-concerns\/\">https:\/\/ico.org.uk\/your-data-matters\/raising-concerns\/<\/a> .<\/li><\/ol><p>\u00a0<\/p><p><strong>ADR <\/strong><\/p><ol><li>In the unlikely event that our customer relations team is unable to resolve your complaint and you are still not satisfied after our complaint handling process, you may also refer your complaint to Retail ADR (formerly &quot;The Retail Ombudsman&quot;) who is a certified provider of alternative dispute resolution methods. RetailADR, 33 floor Euston Towers, 286 Euston Road, London, NW1 3DP, Email: enquiries@cdrl.org.uk - Web: www.retailadr.org.uk, Tel: 0203 540 8063.<\/li><\/ol><p><strong>\u00a0<\/strong><\/p><p><strong>Intellectual property<\/strong><\/p><p>All site elements <a href=\"https:\/\/martasclassroom.co.uk\/en\/\">www.martasclassroom.co.uk<\/a> \u00a0are and remain the intellectual and exclusive property of the Seller. No one may reproduce, use or exploit in any way, even partially, the elements of the site, whether in the form of a photo, logo, visual or textual.<\/p><p><strong>Reservations<\/strong><\/p><p>The material displayed on our site is provided without any guarantees, conditions or warranties as to its accuracy. To the extent permitted by law, we hereby expressly exclude (a) any terms, conditions, warranties and other terms that might otherwise be implied by statute, common law or the law of equity, and (b) any liability for any direct, indirect or consequential loss or damages suffered by any user in connection with or in connection with our website or the use of, inability to use or results from the use of our website, any websites linked to it and any materials posted on it. This does not affect our liability for death or personal injury resulting from our negligence, fraud or any other liability that cannot be excluded or limited under applicable law.<\/p>\t\t\t\t\t\t\t\t<\/div>\n\t\t\t\t<\/div>\n\t\t\t\t\t<\/div>\n\t\t<\/div>\n\t\t\t\t\t<\/div>\n\t\t<\/section>\n\t\t\t\t<\/div>","protected":false},"excerpt":{"rendered":"<p>NOTA PRAWNA . www.martasclassroom.co.uk Marta Zajac-Asllanaj, Marta\u2019s Classroom, Flat 30, 42 Mollison Drive, SM6 9BY, info@martasclassroom.co.uk . Dost\u0119p do naszej strony\u00a0 Dost\u0119p do naszej witryny www.martasclassroom.co.uk\u00a0 jest dozwolony tymczasowo i zastrzegamy sobie prawo do wycofania lub zmiany us\u0142ugi, kt\u00f3r\u0105 \u015bwiadczymy na naszej stronie bez powiadomienia. Nie ponosimy odpowiedzialno\u015bci, je\u015bli z jakiegokolwiek powodu nasza strona jest [&hellip;]<\/p>\n","protected":false},"author":1,"featured_media":0,"parent":0,"menu_order":0,"comment_status":"closed","ping_status":"closed","template":"","meta":{"footnotes":""},"class_list":["post-974","page","type-page","status-publish","hentry"],"_links":{"self":[{"href":"https:\/\/martasclassroom.co.uk\/en\/wp-json\/wp\/v2\/pages\/974","targetHints":{"allow":["GET"]}}],"collection":[{"href":"https:\/\/martasclassroom.co.uk\/en\/wp-json\/wp\/v2\/pages"}],"about":[{"href":"https:\/\/martasclassroom.co.uk\/en\/wp-json\/wp\/v2\/types\/page"}],"author":[{"embeddable":true,"href":"https:\/\/martasclassroom.co.uk\/en\/wp-json\/wp\/v2\/users\/1"}],"replies":[{"embeddable":true,"href":"https:\/\/martasclassroom.co.uk\/en\/wp-json\/wp\/v2\/comments?post=974"}],"version-history":[{"count":4,"href":"https:\/\/martasclassroom.co.uk\/en\/wp-json\/wp\/v2\/pages\/974\/revisions"}],"predecessor-version":[{"id":979,"href":"https:\/\/martasclassroom.co.uk\/en\/wp-json\/wp\/v2\/pages\/974\/revisions\/979"}],"wp:attachment":[{"href":"https:\/\/martasclassroom.co.uk\/en\/wp-json\/wp\/v2\/media?parent=974"}],"curies":[{"name":"wp","href":"https:\/\/api.w.org\/{rel}","templated":true}]}}